{"id":2938,"date":"2025-06-23T12:15:09","date_gmt":"2025-06-23T17:15:09","guid":{"rendered":"https:\/\/dev.rc-knits.com\/?post_type=product&#038;p=2938"},"modified":"2025-06-24T11:02:43","modified_gmt":"2025-06-24T16:02:43","slug":"vestido-1","status":"publish","type":"product","link":"https:\/\/dev.rc-knits.com\/en\/product\/vestido-1\/","title":{"rendered":"Dress"},"content":{"rendered":"","protected":false},"excerpt":{"rendered":"<p>Vestido peto Punto piqu\u00e9 de rayas te\u00f1ido en azul marino y blanco, rojo y blanco 100% algod\u00f3n Con forma de cuerpo de mariquita.<\/p>","protected":false},"featured_media":2934,"comment_status":"open","ping_status":"closed","template":"","meta":[],"product_brand":[],"product_cat":[15],"product_tag":[],"class_list":{"0":"post-2938","1":"product","2":"type-product","3":"status-publish","4":"has-post-thumbnail","6":"product_cat-verano","8":"first","9":"instock","10":"shipping-taxable","11":"product-type-simple"},"_links":{"self":[{"href":"https:\/\/dev.rc-knits.com\/en\/wp-json\/wp\/v2\/product\/2938","targetHints":{"allow":["GET"]}}],"collection":[{"href":"https:\/\/dev.rc-knits.com\/en\/wp-json\/wp\/v2\/product"}],"about":[{"href":"https:\/\/dev.rc-knits.com\/en\/wp-json\/wp\/v2\/types\/product"}],"replies":[{"embeddable":true,"href":"https:\/\/dev.rc-knits.com\/en\/wp-json\/wp\/v2\/comments?post=2938"}],"wp:featuredmedia":[{"embeddable":true,"href":"https:\/\/dev.rc-knits.com\/en\/wp-json\/wp\/v2\/media\/2934"}],"wp:attachment":[{"href":"https:\/\/dev.rc-knits.com\/en\/wp-json\/wp\/v2\/media?parent=2938"}],"wp:term":[{"taxonomy":"product_brand","embeddable":true,"href":"https:\/\/dev.rc-knits.com\/en\/wp-json\/wp\/v2\/product_brand?post=2938"},{"taxonomy":"product_cat","embeddable":true,"href":"https:\/\/dev.rc-knits.com\/en\/wp-json\/wp\/v2\/product_cat?post=2938"},{"taxonomy":"product_tag","embeddable":true,"href":"https:\/\/dev.rc-knits.com\/en\/wp-json\/wp\/v2\/product_tag?post=2938"}],"curies":[{"name":"wp","href":"https:\/\/api.w.org\/{rel}","templated":true}]}}